{"id":172,"date":"2025-07-22T10:21:46","date_gmt":"2025-07-22T10:21:46","guid":{"rendered":"https:\/\/yalingroup.com.tr\/?page_id=172"},"modified":"2025-07-24T21:19:05","modified_gmt":"2025-07-24T21:19:05","slug":"blog","status":"publish","type":"page","link":"https:\/\/yalingroup.com.tr\/?page_id=172","title":{"rendered":"Blog"},"content":{"rendered":"\t\t<div data-elementor-type=\"wp-page\" data-elementor-id=\"172\" class=\"elementor elementor-172\" data-elementor-post-type=\"page\">\n\t\t\t\t\t\t<section class=\"elementor-section elementor-top-section elementor-element elementor-element-41a2aec1 elementor-section-height-min-height elementor-section-boxed elementor-section-height-default elementor-section-items-middle\" data-id=\"41a2aec1\" data-element_type=\"section\" data-settings=\"{&quot;background_background&quot;:&quot;classic&quot;}\">\n\t\t\t\t\t\t\t<div class=\"elementor-background-overlay\"><\/div>\n\t\t\t\t\t\t\t<div class=\"elementor-container elementor-column-gap-no\">\n\t\t\t\t\t<div class=\"elementor-column elementor-col-100 elementor-top-column elementor-element elementor-element-49e3a5e7\" data-id=\"49e3a5e7\" data-element_type=\"column\">\n\t\t\t<div class=\"elementor-widget-wrap elementor-element-populated\">\n\t\t\t\t\t\t<div class=\"elementor-element elementor-element-c6aa92d elementor-widget elementor-widget-heading\" data-id=\"c6aa92d\" data-element_type=\"widget\" data-widget_type=\"heading.default\">\n\t\t\t\t\t<h1 class=\"elementor-heading-title elementor-size-default\">Blog<\/h1>\t\t\t\t<\/div>\n\t\t\t\t\t<\/div>\n\t\t<\/div>\n\t\t\t\t\t<\/div>\n\t\t<\/section>\n\t\t\t\t<section class=\"elementor-section elementor-top-section elementor-element elementor-element-13d663f2 elementor-section-boxed elementor-section-height-default elementor-section-height-default\" data-id=\"13d663f2\" data-element_type=\"section\" data-settings=\"{&quot;background_background&quot;:&quot;classic&quot;}\">\n\t\t\t\t\t\t<div class=\"elementor-container elementor-column-gap-no\">\n\t\t\t\t\t<div class=\"elementor-column elementor-col-50 elementor-top-column elementor-element elementor-element-64e95bb7\" data-id=\"64e95bb7\" data-element_type=\"column\">\n\t\t\t<div class=\"elementor-widget-wrap elementor-element-populated\">\n\t\t\t\t\t\t<section class=\"elementor-section elementor-inner-section elementor-element elementor-element-7aa5a2e5 elementor-section-boxed elementor-section-height-default elementor-section-height-default\" data-id=\"7aa5a2e5\" data-element_type=\"section\">\n\t\t\t\t\t\t<div class=\"elementor-container elementor-column-gap-no\">\n\t\t\t\t\t<div class=\"elementor-column elementor-col-100 elementor-inner-column elementor-element elementor-element-17221488\" data-id=\"17221488\" data-element_type=\"column\">\n\t\t\t<div class=\"elementor-widget-wrap elementor-element-populated\">\n\t\t\t\t\t\t<div class=\"elementor-element elementor-element-acaace5 elementor-grid-2 elementor-grid-tablet-2 elementor-grid-mobile-1 elementor-posts--thumbnail-top elementor-posts__hover-gradient elementor-widget elementor-widget-posts\" data-id=\"acaace5\" data-element_type=\"widget\" data-settings=\"{&quot;cards_columns&quot;:&quot;2&quot;,&quot;cards_columns_tablet&quot;:&quot;2&quot;,&quot;cards_columns_mobile&quot;:&quot;1&quot;,&quot;cards_row_gap&quot;:{&quot;unit&quot;:&quot;px&quot;,&quot;size&quot;:35,&quot;sizes&quot;:[]},&quot;cards_row_gap_tablet&quot;:{&quot;unit&quot;:&quot;px&quot;,&quot;size&quot;:&quot;&quot;,&quot;sizes&quot;:[]},&quot;cards_row_gap_mobile&quot;:{&quot;unit&quot;:&quot;px&quot;,&quot;size&quot;:&quot;&quot;,&quot;sizes&quot;:[]}}\" data-widget_type=\"posts.cards\">\n\t\t\t\t<div class=\"elementor-widget-container\">\n\t\t\t\t\t\t\t<div class=\"elementor-posts-container elementor-posts elementor-posts--skin-cards elementor-grid\">\n\t\t\t\t<article class=\"elementor-post elementor-grid-item post-653 post type-post status-publish format-standard has-post-thumbnail hentry\">\n\t\t\t<div class=\"elementor-post__card\">\n\t\t\t\t<a class=\"elementor-post__thumbnail__link\" href=\"https:\/\/yalingroup.com.tr\/?p=653\" tabindex=\"-1\" ><div class=\"elementor-post__thumbnail\"><img fetchpriority=\"high\" decoding=\"async\" width=\"1200\" height=\"795\" src=\"https:\/\/yalingroup.com.tr\/wp-content\/uploads\/2025\/07\/hayat-sigortasi-nedir-1.png\" class=\"attachment-full size-full wp-image-396\" alt=\"\" srcset=\"https:\/\/yalingroup.com.tr\/wp-content\/uploads\/2025\/07\/hayat-sigortasi-nedir-1.png 1200w, https:\/\/yalingroup.com.tr\/wp-content\/uploads\/2025\/07\/hayat-sigortasi-nedir-1-300x199.png 300w, https:\/\/yalingroup.com.tr\/wp-content\/uploads\/2025\/07\/hayat-sigortasi-nedir-1-1024x678.png 1024w, https:\/\/yalingroup.com.tr\/wp-content\/uploads\/2025\/07\/hayat-sigortasi-nedir-1-768x509.png 768w\" sizes=\"(max-width: 1200px) 100vw, 1200px\" \/><\/div><\/a>\n\t\t\t\t<div class=\"elementor-post__text\">\n\t\t\t\t<h5 class=\"elementor-post__title\">\n\t\t\t<a href=\"https:\/\/yalingroup.com.tr\/?p=653\" >\n\t\t\t\tHayat Sigortas\u0131 Nedir, Neden \u00d6nemlidir?\t\t\t<\/a>\n\t\t<\/h5>\n\t\t\t\t<div class=\"elementor-post__excerpt\">\n\t\t\t<p>Hayat Sigortas\u0131: Sevdiklerinizi ve Gelece\u011finizi Koruyun Hayat sigortas\u0131, beklenmedik bir durumda ailenizi, sevdiklerinizi<\/p>\n\t\t<\/div>\n\t\t\t\t<\/div>\n\t\t\t\t\t<\/div>\n\t\t<\/article>\n\t\t\t\t<article class=\"elementor-post elementor-grid-item post-632 post type-post status-publish format-standard has-post-thumbnail hentry category-uncategorized\">\n\t\t\t<div class=\"elementor-post__card\">\n\t\t\t\t<a class=\"elementor-post__thumbnail__link\" href=\"https:\/\/yalingroup.com.tr\/?p=632\" tabindex=\"-1\" ><div class=\"elementor-post__thumbnail\"><img decoding=\"async\" width=\"1200\" height=\"800\" src=\"https:\/\/yalingroup.com.tr\/wp-content\/uploads\/2025\/07\/pexels-pixabay-269077-1.png\" class=\"attachment-full size-full wp-image-382\" alt=\"\" srcset=\"https:\/\/yalingroup.com.tr\/wp-content\/uploads\/2025\/07\/pexels-pixabay-269077-1.png 1200w, https:\/\/yalingroup.com.tr\/wp-content\/uploads\/2025\/07\/pexels-pixabay-269077-1-300x200.png 300w, https:\/\/yalingroup.com.tr\/wp-content\/uploads\/2025\/07\/pexels-pixabay-269077-1-1024x683.png 1024w, https:\/\/yalingroup.com.tr\/wp-content\/uploads\/2025\/07\/pexels-pixabay-269077-1-768x512.png 768w\" sizes=\"(max-width: 1200px) 100vw, 1200px\" \/><\/div><\/a>\n\t\t\t\t<div class=\"elementor-post__text\">\n\t\t\t\t<h5 class=\"elementor-post__title\">\n\t\t\t<a href=\"https:\/\/yalingroup.com.tr\/?p=632\" >\n\t\t\t\t\u0130\u015f Yeri Sigortas\u0131 Nedir, Neden \u00d6nemlidir?\t\t\t<\/a>\n\t\t<\/h5>\n\t\t\t\t<div class=\"elementor-post__excerpt\">\n\t\t\t<p>\u0130\u015f Yeri Sigortas\u0131: \u0130\u015fletmenizi Her T\u00fcrl\u00fc Riski Kar\u015f\u0131 Koruyun \u0130\u015fletmeler, b\u00fcy\u00fckl\u00fc\u011f\u00fc ne olursa<\/p>\n\t\t<\/div>\n\t\t\t\t<\/div>\n\t\t\t\t\t<\/div>\n\t\t<\/article>\n\t\t\t\t<\/div>\n\t\t\n\t\t\t\t\t\t<\/div>\n\t\t\t\t<\/div>\n\t\t\t\t\t<\/div>\n\t\t<\/div>\n\t\t\t\t\t<\/div>\n\t\t<\/section>\n\t\t\t\t\t<\/div>\n\t\t<\/div>\n\t\t\t\t<div class=\"elementor-column elementor-col-50 elementor-top-column elementor-element elementor-element-7b4ae46b\" data-id=\"7b4ae46b\" data-element_type=\"column\">\n\t\t\t<div class=\"elementor-widget-wrap elementor-element-populated\">\n\t\t\t\t\t\t<section class=\"elementor-section elementor-inner-section elementor-element elementor-element-4f29b737 elementor-section-boxed elementor-section-height-default elementor-section-height-default\" data-id=\"4f29b737\" data-element_type=\"section\">\n\t\t\t\t\t\t<div class=\"elementor-container elementor-column-gap-no\">\n\t\t\t\t\t<div class=\"elementor-column elementor-col-100 elementor-inner-column elementor-element elementor-element-40f58fc\" data-id=\"40f58fc\" data-element_type=\"column\">\n\t\t\t<div class=\"elementor-widget-wrap\">\n\t\t\t\t\t\t\t<\/div>\n\t\t<\/div>\n\t\t\t\t\t<\/div>\n\t\t<\/section>\n\t\t\t\t<section class=\"elementor-section elementor-inner-section elementor-element elementor-element-57e8c631 elementor-section-boxed elementor-section-height-default elementor-section-height-default\" data-id=\"57e8c631\" data-element_type=\"section\">\n\t\t\t\t\t\t<div class=\"elementor-container elementor-column-gap-no\">\n\t\t\t\t\t<div class=\"elementor-column elementor-col-100 elementor-inner-column elementor-element elementor-element-2df72dba\" data-id=\"2df72dba\" data-element_type=\"column\">\n\t\t\t<div class=\"elementor-widget-wrap elementor-element-populated\">\n\t\t\t\t\t\t<div class=\"elementor-element elementor-element-29c798bf elementor-widget__width-auto elementor-widget elementor-widget-heading\" data-id=\"29c798bf\" data-element_type=\"widget\" data-widget_type=\"heading.default\">\n\t\t\t\t\t<h6 class=\"elementor-heading-title elementor-size-default\">Di\u011fer G\u00f6nderilerimiz<\/h6>\t\t\t\t<\/div>\n\t\t\t\t<div class=\"elementor-element elementor-element-59bac78b elementor-widget-divider--view-line elementor-widget elementor-widget-divider\" data-id=\"59bac78b\" data-element_type=\"widget\" data-widget_type=\"divider.default\">\n\t\t\t\t\t\t\t<div class=\"elementor-divider\">\n\t\t\t<span class=\"elementor-divider-separator\">\n\t\t\t\t\t\t<\/span>\n\t\t<\/div>\n\t\t\t\t\t\t<\/div>\n\t\t\t\t<div class=\"elementor-element elementor-element-3af18b4b elementor-grid-1 elementor-posts--thumbnail-left elementor-posts--align-left elementor-grid-tablet-2 elementor-grid-mobile-1 elementor-widget elementor-widget-posts\" data-id=\"3af18b4b\" data-element_type=\"widget\" data-settings=\"{&quot;classic_columns&quot;:&quot;1&quot;,&quot;classic_row_gap&quot;:{&quot;unit&quot;:&quot;px&quot;,&quot;size&quot;:30,&quot;sizes&quot;:[]},&quot;classic_columns_tablet&quot;:&quot;2&quot;,&quot;classic_columns_mobile&quot;:&quot;1&quot;,&quot;classic_row_gap_tablet&quot;:{&quot;unit&quot;:&quot;px&quot;,&quot;size&quot;:&quot;&quot;,&quot;sizes&quot;:[]},&quot;classic_row_gap_mobile&quot;:{&quot;unit&quot;:&quot;px&quot;,&quot;size&quot;:&quot;&quot;,&quot;sizes&quot;:[]}}\" data-widget_type=\"posts.classic\">\n\t\t\t\t<div class=\"elementor-widget-container\">\n\t\t\t\t\t\t\t<div class=\"elementor-posts-container elementor-posts elementor-posts--skin-classic elementor-grid\">\n\t\t\t\t<article class=\"elementor-post elementor-grid-item post-632 post type-post status-publish format-standard has-post-thumbnail hentry category-uncategorized\">\n\t\t\t\t<a class=\"elementor-post__thumbnail__link\" href=\"https:\/\/yalingroup.com.tr\/?p=632\" tabindex=\"-1\" >\n\t\t\t<div class=\"elementor-post__thumbnail\"><img decoding=\"async\" width=\"300\" height=\"200\" src=\"https:\/\/yalingroup.com.tr\/wp-content\/uploads\/2025\/07\/pexels-pixabay-269077-1-300x200.png\" class=\"attachment-medium size-medium wp-image-382\" alt=\"\" srcset=\"https:\/\/yalingroup.com.tr\/wp-content\/uploads\/2025\/07\/pexels-pixabay-269077-1-300x200.png 300w, https:\/\/yalingroup.com.tr\/wp-content\/uploads\/2025\/07\/pexels-pixabay-269077-1-1024x683.png 1024w, https:\/\/yalingroup.com.tr\/wp-content\/uploads\/2025\/07\/pexels-pixabay-269077-1-768x512.png 768w, https:\/\/yalingroup.com.tr\/wp-content\/uploads\/2025\/07\/pexels-pixabay-269077-1.png 1200w\" sizes=\"(max-width: 300px) 100vw, 300px\" \/><\/div>\n\t\t<\/a>\n\t\t\t\t<div class=\"elementor-post__text\">\n\t\t\t\t<h4 class=\"elementor-post__title\">\n\t\t\t<a href=\"https:\/\/yalingroup.com.tr\/?p=632\" >\n\t\t\t\t\u0130\u015f Yeri Sigortas\u0131 Nedir, Neden \u00d6nemlidir?\t\t\t<\/a>\n\t\t<\/h4>\n\t\t\t\t<\/div>\n\t\t\t\t<\/article>\n\t\t\t\t<article class=\"elementor-post elementor-grid-item post-653 post type-post status-publish format-standard has-post-thumbnail hentry\">\n\t\t\t\t<a class=\"elementor-post__thumbnail__link\" href=\"https:\/\/yalingroup.com.tr\/?p=653\" tabindex=\"-1\" >\n\t\t\t<div class=\"elementor-post__thumbnail\"><img loading=\"lazy\" decoding=\"async\" width=\"300\" height=\"199\" src=\"https:\/\/yalingroup.com.tr\/wp-content\/uploads\/2025\/07\/hayat-sigortasi-nedir-1-300x199.png\" class=\"attachment-medium size-medium wp-image-396\" alt=\"\" srcset=\"https:\/\/yalingroup.com.tr\/wp-content\/uploads\/2025\/07\/hayat-sigortasi-nedir-1-300x199.png 300w, https:\/\/yalingroup.com.tr\/wp-content\/uploads\/2025\/07\/hayat-sigortasi-nedir-1-1024x678.png 1024w, https:\/\/yalingroup.com.tr\/wp-content\/uploads\/2025\/07\/hayat-sigortasi-nedir-1-768x509.png 768w, https:\/\/yalingroup.com.tr\/wp-content\/uploads\/2025\/07\/hayat-sigortasi-nedir-1.png 1200w\" sizes=\"(max-width: 300px) 100vw, 300px\" \/><\/div>\n\t\t<\/a>\n\t\t\t\t<div class=\"elementor-post__text\">\n\t\t\t\t<h4 class=\"elementor-post__title\">\n\t\t\t<a href=\"https:\/\/yalingroup.com.tr\/?p=653\" >\n\t\t\t\tHayat Sigortas\u0131 Nedir, Neden \u00d6nemlidir?\t\t\t<\/a>\n\t\t<\/h4>\n\t\t\t\t<\/div>\n\t\t\t\t<\/article>\n\t\t\t\t<\/div>\n\t\t\n\t\t\t\t\t\t<\/div>\n\t\t\t\t<\/div>\n\t\t\t\t\t<\/div>\n\t\t<\/div>\n\t\t\t\t\t<\/div>\n\t\t<\/section>\n\t\t\t\t\t<\/div>\n\t\t<\/div>\n\t\t\t\t\t<\/div>\n\t\t<\/section>\n\t\t\t\t<\/div>\n\t\t","protected":false},"excerpt":{"rendered":"<p>Blog Di\u011fer G\u00f6nderilerimiz<\/p>\n","protected":false},"author":1,"featured_media":0,"parent":0,"menu_order":0,"comment_status":"closed","ping_status":"closed","template":"","meta":{"footnotes":""},"class_list":["post-172","page","type-page","status-publish","hentry"],"_links":{"self":[{"href":"https:\/\/yalingroup.com.tr\/index.php?rest_route=\/wp\/v2\/pages\/172","targetHints":{"allow":["GET"]}}],"collection":[{"href":"https:\/\/yalingroup.com.tr\/index.php?rest_route=\/wp\/v2\/pages"}],"about":[{"href":"https:\/\/yalingroup.com.tr\/index.php?rest_route=\/wp\/v2\/types\/page"}],"author":[{"embeddable":true,"href":"https:\/\/yalingroup.com.tr\/index.php?rest_route=\/wp\/v2\/users\/1"}],"replies":[{"embeddable":true,"href":"https:\/\/yalingroup.com.tr\/index.php?rest_route=%2Fwp%2Fv2%2Fcomments&post=172"}],"version-history":[{"count":28,"href":"https:\/\/yalingroup.com.tr\/index.php?rest_route=\/wp\/v2\/pages\/172\/revisions"}],"predecessor-version":[{"id":673,"href":"https:\/\/yalingroup.com.tr\/index.php?rest_route=\/wp\/v2\/pages\/172\/revisions\/673"}],"wp:attachment":[{"href":"https:\/\/yalingroup.com.tr\/index.php?rest_route=%2Fwp%2Fv2%2Fmedia&parent=172"}],"curies":[{"name":"wp","href":"https:\/\/api.w.org\/{rel}","templated":true}]}}